{"id":1343,"date":"2024-04-26T15:54:20","date_gmt":"2024-04-26T15:54:20","guid":{"rendered":"http:\/\/localhost:10007\/?page_id=1343"},"modified":"2025-09-09T09:40:33","modified_gmt":"2025-09-09T09:40:33","slug":"home","status":"publish","type":"page","link":"https:\/\/kilensvagnparadis.se\/en\/","title":{"rendered":"Home"},"content":{"rendered":"<div class=\"wp-block-cover alignfull is-light\" style=\"border-style:none;border-width:0px;border-radius:0px;margin-top:0;margin-bottom:0;padding-top:20%;padding-bottom:0;min-height:115px;aspect-ratio:unset;\"><video class=\"wp-block-cover__video-background intrinsic-ignore\" autoplay muted loop playsinline src=\"https:\/\/kilensvagnparadis.se\/wp-content\/uploads\/2024\/04\/pexels-juv-6012077-720p-3.mp4\" style=\"object-position:48% 13%\" data-object-fit=\"cover\" data-object-position=\"48% 13%\"><\/video><span aria-hidden=\"true\" class=\"wp-block-cover__background has-black-background-color has-background-dim-30 has-background-dim\"><\/span><div class=\"wp-block-cover__inner-container has-global-padding is-layout-constrained wp-container-core-cover-is-layout-3979b289 wp-block-cover-is-layout-constrained\">\n<div class=\"wp-block-group alignwide is-vertical is-content-justification-center is-layout-flex wp-container-core-group-is-layout-cd4a9c8a wp-block-group-is-layout-flex\" style=\"border-style:none;border-width:0px;border-radius:0px;min-height:0rem;margin-top:0;margin-bottom:0;padding-top:0;padding-right:0;padding-bottom:0;padding-left:0\">\n<div class=\"wp-block-group wp-container-content-9cfa9a5a has-global-padding is-layout-constrained wp-container-core-group-is-layout-8403f07f wp-block-group-is-layout-constrained\" style=\"border-style:none;border-width:0px;min-height:0px;margin-top:0;margin-bottom:0;padding-top:0;padding-right:0;padding-bottom:0;padding-left:0\">\n<h2 class=\"wp-block-heading alignwide has-text-align-center has-text-color has-prata-regular-font-family\" style=\"color:#ffffff;margin-top:3.6rem;margin-right:0;margin-bottom:0rem;font-size:clamp(2.754rem, 2.754rem + ((1vw - 0.2rem) * 4.629), 5.3rem);font-style:normal;font-weight:400;line-height:1.1;text-transform:capitalize\">Kilens Vagnparadis<\/h2>\n\n\n\n<div class=\"wp-block-group has-global-padding is-layout-constrained wp-container-core-group-is-layout-174a271f wp-block-group-is-layout-constrained\" style=\"border-style:none;border-width:0px;min-height:300px;margin-top:92px;margin-bottom:0;padding-top:0;padding-right:0;padding-bottom:0;padding-left:0\">\n<div class=\"wp-block-buttons alignwide is-horizontal is-content-justification-center is-layout-flex wp-container-core-buttons-is-layout-b9019497 wp-block-buttons-is-layout-flex\" style=\"margin-top:0rem;margin-bottom:0\">\n<div class=\"wp-block-button has-custom-width wp-block-button__width-100 keep-white is-style-fill\"><a class=\"wp-block-button__link has-text-color has-background has-prata-regular-font-family has-custom-font-size wp-element-button\" href=\"#we-offer\" style=\"border-style:none;border-width:0px;border-radius:2.5rem;color:#ffffff;background-color:#ad1720;padding-top:1.1rem;padding-right:1.1rem;padding-bottom:1.1rem;padding-left:1.1rem;box-shadow:12px 12px 50px rgba(0, 0, 0, 0.4);font-size:clamp(0.875rem, 0.875rem + ((1vw - 0.2rem) * 0.609), 1.21rem);font-style:normal;font-weight:400;line-height:1;text-transform:none\">Experience our collection<\/a><\/div>\n<\/div>\n<\/div>\n<\/div>\n<\/div>\n<\/div><\/div>\n\n\n\n<div class=\"wp-block-group alignfull overlap has-text-color has-background has-global-padding is-content-justification-center is-layout-constrained wp-container-core-group-is-layout-b56e7fc7 wp-block-group-is-layout-constrained\" style=\"border-style:none;border-width:0px;color:#ffffff;background-color:#ad1721;min-height:0px;margin-top:0rem;margin-bottom:0;padding-top:0;padding-right:0;padding-bottom:0;padding-left:0;font-size:0rem;font-style:normal;font-weight:400;line-height:1.5\">\n<div class=\"wp-block-group alignwide has-background is-layout-flow wp-container-core-group-is-layout-344df026 wp-block-group-is-layout-flow\" style=\"border-radius:0px;border-top-style:none;border-top-width:0px;border-right-style:none;border-right-width:0px;border-left-style:none;border-left-width:0px;background-color:#ad1721;min-height:0px;margin-top:0;margin-bottom:0;padding-top:4rem;padding-right:0;padding-bottom:4rem;padding-left:0;font-size:clamp(21.536px, 1.346rem + ((1vw - 3.2px) * 1.53), 35px);\">\n<div class=\"wp-block-columns is-not-stacked-on-mobile is-layout-flex wp-container-core-columns-is-layout-713970fd wp-block-columns-is-layout-flex\">\n<div class=\"wp-block-column has-global-padding is-content-justification-center is-layout-constrained wp-container-core-column-is-layout-7a087fa0 wp-block-column-is-layout-constrained\" style=\"border-right-color:#ffffff;border-right-width:2px;padding-right:1rem;padding-left:1rem\" id=\"Catalog\">\n<h6 class=\"wp-block-heading has-text-align-center has-text-color\" style=\"color:#fefefe;margin-bottom:0.51rem;padding-top:0;padding-right:0;padding-bottom:0;padding-left:0;font-size:clamp(1.517rem, 1.517rem + ((1vw - 0.2rem) * 1.842), 2.53rem);font-style:normal;font-weight:600;line-height:1.3;text-transform:capitalize\"><a class=\"hover-red\" style=\"color: #ffffff; text-decoration: none;\" href=\"https:\/\/kilensvagnparadis.se\/en\/contact\/\" data-type=\"page\" data-id=\"1349\">100 +<\/a><\/h6>\n\n\n\n<p class=\"has-text-align-center has-text-color\" style=\"color:#ffffff;margin-top:0px;margin-bottom:1.77rem;font-size:clamp(0.875rem, 0.875rem + ((1vw - 0.2rem) * 0.064), 0.91rem);font-style:normal;font-weight:500;line-height:1.5\"><a class=\"hover-red\" style=\"color: #ffffff; text-decoration: none;\" href=\"https:\/\/kilensvagnparadis.se\/en\/contact\/\" data-type=\"page\" data-id=\"1349\">Carriages &amp; Sleighs<\/a><\/p>\n<\/div>\n\n\n\n<div class=\"wp-block-column is-vertically-aligned-top has-global-padding is-layout-constrained wp-container-core-column-is-layout-c6e25a76 wp-block-column-is-layout-constrained\" style=\"border-right-color:#ffffff;border-right-width:2px;padding-right:1rem;padding-left:1rem\">\n<h6 class=\"wp-block-heading has-text-align-center has-text-color\" style=\"color:#ffffff;margin-bottom:0.51rem;font-size:clamp(1.517rem, 1.517rem + ((1vw - 0.2rem) * 1.842), 2.53rem);font-style:normal;font-weight:600;line-height:1.3;text-transform:capitalize\"><a class=\"hover-red\" style=\"color: #ffffff; text-decoration: none;\" href=\"https:\/\/kilensvagnparadis.se\/en\/virtual-tour-2\/\" data-type=\"page\" data-id=\"2175\">10 +<\/a><\/h6>\n\n\n\n<p class=\"has-text-align-center has-text-color\" style=\"color:#ffffff;margin-top:0px;margin-bottom:1.77rem;font-size:clamp(0.875rem, 0.875rem + ((1vw - 0.2rem) * 0.064), 0.91rem);font-style:normal;font-weight:500;line-height:1.5\"><a class=\"hover-red\" style=\"color: #ffffff; text-decoration: none;\" href=\"https:\/\/kilensvagnparadis.se\/en\/virtual-tour-2\/\" data-type=\"page\" data-id=\"2175\">Virtual tour<\/a><\/p>\n<\/div>\n\n\n\n<div class=\"wp-block-column has-global-padding is-content-justification-center is-layout-constrained wp-container-core-column-is-layout-7a087fa0 wp-block-column-is-layout-constrained\" style=\"padding-right:1rem;padding-left:1rem\">\n<h6 class=\"wp-block-heading has-text-align-center has-text-color\" style=\"color:#ffffff;margin-bottom:0.51rem;font-size:clamp(1.517rem, 1.517rem + ((1vw - 0.2rem) * 1.842), 2.53rem);font-style:normal;font-weight:600;line-height:1.3;text-transform:capitalize\"><a class=\"hover-red\" style=\"color: #ffffff; text-decoration: none;\" href=\"https:\/\/kilensvagnparadis.se\/en\/landing-page\/\" data-type=\"page\" data-id=\"1588\">1<\/a><\/h6>\n\n\n\n<p class=\"has-text-align-center has-text-color\" style=\"color:#ffffff;margin-top:0px;margin-bottom:1.77rem;font-size:clamp(0.875rem, 0.875rem + ((1vw - 0.2rem) * 0.064), 0.91rem);font-style:normal;font-weight:500;line-height:1.5\"><a class=\"hover-red\" style=\"color: #ffffff; text-decoration: none;\" href=\"https:\/\/kilensvagnparadis.se\/en\/landing-page\/\" data-type=\"page\" data-id=\"1588\">Literature<\/a><\/p>\n<\/div>\n<\/div>\n<\/div>\n<\/div>\n\n\n\n<div data-aos= \"fade-down\" data-aos-duration=\"400\" data-aos-delay=\"0\" data-aos-easing=\"ease\" data-aos-once=\"true\" id=\"we-Offer\" class=\"wp-block-uagb-container uagb-block-9dqtexzh alignfull uagb-is-root-container\"><div class=\"uagb-container-inner-blocks-wrap\">\n<div data-aos= \"fade-down\" data-aos-duration=\"400\" data-aos-delay=\"0\" data-aos-easing=\"ease\" data-aos-once=\"true\" class=\"wp-block-uagb-advanced-heading uagb-block-13ba6970\" id=\"we-offer\"><h2 class=\"uagb-heading-text\">Kilens Vagnparadis<\/h2><\/div>\n\n\n\n<div class=\"wp-block-uagb-container uagb-block-49vdmpds\">\n<div class=\"wp-block-uagb-container uagb-block-g6oeihpx\">\n<div data-aos= \"fade-down\" data-aos-duration=\"400\" data-aos-delay=\"0\" data-aos-easing=\"ease\" data-aos-once=\"true\" class=\"wp-block-uagb-image alignleft uagb-block-hnj5sp4u wp-block-uagb-image--layout-default wp-block-uagb-image--effect-zoomin wp-block-uagb-image--align-left\"><figure class=\"wp-block-uagb-image__figure\"><a class=\"\" href=\"https:\/\/kilensvagnparadis.se\/en\/contact\/\" target=\"\" rel=\"noopener\"><img decoding=\"async\"  sizes=\"auto, (max-width: 480px) 150px\" src=\"https:\/\/kilensvagnparadis.se\/wp-content\/uploads\/2025\/01\/Om-oss-picture-3-1.webp\" alt=\"\" width=\"422\" height=\"288\" title=\"Om oss picture\" loading=\"lazy\" role=\"img\"\/><\/a><\/figure><\/div>\n\n\n\n<header class=\"wp-block-uagb-info-box uagb-block-8fv2skby uagb-infobox__content-wrap  uagb-infobox-icon-above-title uagb-infobox-image-valign-top wp-block-uagb-info-box--has-margin\"><div data-aos= \"fade-down\" data-aos-duration=\"400\" data-aos-delay=\"0\" data-aos-easing=\"ease\" data-aos-once=\"true\" class=\"uagb-infobox-margin-wrapper\"><div class=\"uagb-ifb-content\"><div class=\"uagb-ifb-title-wrap\"><h3 class=\"uagb-ifb-title\"><a class=\"hover-red\" style=\"color: #242424; text-decoration: none;\" href=\"https:\/\/kilensvagnparadis.se\/en\/contact\/\">On site tour<\/a><\/h3><\/div><p class=\"uagb-ifb-desc\"><a class=\"hover-red\" style=\" text-decoration: none;\" href=\"https:\/\/kilensvagnparadis.se\/en\/contact\/\">To experience the collection in person, please contact us and make an inquiry. The collection is not open to the public and can only be viewed in the form of private tour.<\/a><\/p><\/div><\/div><\/header>\n<\/div>\n\n\n\n<div class=\"wp-block-uagb-container uagb-block-rxcnp1sh\">\n<div data-aos= \"fade-down\" data-aos-duration=\"400\" data-aos-delay=\"0\" data-aos-easing=\"ease\" data-aos-once=\"true\" class=\"wp-block-uagb-image alignleft uagb-block-fnhlakhm wp-block-uagb-image--layout-default wp-block-uagb-image--effect-zoomin wp-block-uagb-image--align-left animation-50%\"><figure class=\"wp-block-uagb-image__figure\"><a class=\"\" href=\"https:\/\/kilensvagnparadis.se\/en\/virtual-tour-2\/\" target=\"\" rel=\"noopener\"><img decoding=\"async\"  sizes=\"auto, (max-width: 480px) 150px\" src=\"https:\/\/kilensvagnparadis.se\/wp-content\/uploads\/2025\/01\/360-tour.webp\" alt=\"\" width=\"384\" height=\"288\" title=\"360 tour\" loading=\"lazy\" role=\"img\"\/><\/a><\/figure><\/div>\n\n\n\n<div data-aos= \"fade-down\" data-aos-duration=\"400\" data-aos-delay=\"0\" data-aos-easing=\"ease\" data-aos-once=\"true\" class=\"wp-block-uagb-info-box uagb-block-3n0i0tcd uagb-infobox__content-wrap  uagb-infobox-icon-above-title uagb-infobox-image-valign-top wp-block-uagb-info-box--has-margin\"><div class=\"uagb-infobox-margin-wrapper\"><div class=\"uagb-ifb-content\"><div class=\"uagb-ifb-title-wrap\"><h3 class=\"uagb-ifb-title\"><a class=\"hover-red\" style=\"color: #242424; text-decoration: none;\" href=\"https:\/\/kilensvagnparadis.se\/en\/virtual-tour-2\/\" data-type=\"link\" data-id=\"https:\/\/kilensvagnparadis.se\/virtual-tour-2\/\">Virtual tour<\/a><\/h3><\/div><p class=\"uagb-ifb-desc\"><a class=\"hover-red\" style=\" text-decoration: none;\" href=\"https:\/\/kilensvagnparadis.se\/en\/virtual-tour-2\/\" data-type=\"link\" data-id=\"https:\/\/kilensvagnparadis.se\/virtual-tour-2\/\">Experience the collection through a digital tour. No request is needed, as all tours are available directly here on the website.<\/a><\/p><\/div><\/div><\/div>\n<\/div>\n\n\n\n<div class=\"wp-block-uagb-container uagb-block-qsrq0bm6\">\n<div data-aos= \"fade-down\" data-aos-duration=\"400\" data-aos-delay=\"0\" data-aos-easing=\"ease\" data-aos-once=\"true\" class=\"wp-block-uagb-image aligncenter uagb-block-eowq3zrj wp-block-uagb-image--layout-default wp-block-uagb-image--effect-zoomin wp-block-uagb-image--align-center alignleft\"><figure class=\"wp-block-uagb-image__figure\"><a class=\"\" href=\"https:\/\/kilensvagnparadis.se\/en\/landing-page\/\" target=\"\" rel=\"noopener\"><img decoding=\"async\" srcset=\"https:\/\/kilensvagnparadis.se\/wp-content\/uploads\/2024\/04\/Finals-cover_sample_print-copy-copy-01-01-720x1024.jpg ,https:\/\/kilensvagnparadis.se\/wp-content\/uploads\/2024\/04\/Finals-cover_sample_print-copy-copy-01-01.jpg 780w, https:\/\/kilensvagnparadis.se\/wp-content\/uploads\/2024\/04\/Finals-cover_sample_print-copy-copy-01-01.jpg 360w\" sizes=\"(max-width: 480px) 150px\" src=\"https:\/\/kilensvagnparadis.se\/wp-content\/uploads\/2024\/04\/Finals-cover_sample_print-copy-copy-01-01-720x1024.jpg\" alt=\"\" class=\"uag-image-1888\" width=\"390\" height=\"288\" title=\"Finals cover_sample_print copy copy-01-01\" role=\"img\"\/><\/a><\/figure><\/div>\n\n\n\n<div data-aos= \"fade-down\" data-aos-duration=\"400\" data-aos-delay=\"0\" data-aos-easing=\"ease\" data-aos-once=\"true\" class=\"wp-block-uagb-info-box uagb-block-f3h0b3qg uagb-infobox__content-wrap  uagb-infobox-icon-above-title uagb-infobox-image-valign-top wp-block-uagb-info-box--has-margin\"><div class=\"uagb-infobox-margin-wrapper\"><div class=\"uagb-ifb-content\"><div class=\"uagb-ifb-title-wrap\"><h3 class=\"uagb-ifb-title\"><a class=\"hover-red\" style=\"color: #242424; text-decoration: none;\" href=\"https:\/\/kilensvagnparadis.se\/en\/landing-page\/\">Literature<\/a><\/h3><\/div><p class=\"uagb-ifb-desc\"><a class=\"hover-red\" style=\" text-decoration: none;\" href=\"https:\/\/kilensvagnparadis.se\/en\/landing-page\/\">Discover more about Kilens Vagnparadis, its rich historical craftsmanship, and all the unique items through our digital book.<br>If you wish, you can also order your own printed copy.<\/a><\/p><\/div><\/div><\/div>\n<\/div>\n<\/div>\n<\/div><\/div>\n\n\n\n<section class=\"wp-block-group alignfull has-text-color has-background has-global-padding is-layout-constrained wp-container-core-group-is-layout-acc1ab4f wp-block-group-is-layout-constrained\" style=\"color:#03081e;background-color:#ad1720;min-height:0px;margin-top:0px;padding-top:5.1rem;padding-right:2.5rem;padding-bottom:7.5rem;padding-left:1rem;font-size:clamp(0.875rem, 0.875rem + ((1vw - 0.2rem) * 0.464), 1.13rem);font-style:normal;font-weight:400;line-height:1.4\">\n<div class=\"wp-block-columns is-layout-flex wp-container-core-columns-is-layout-db2df21c wp-block-columns-is-layout-flex\" style=\"margin-bottom:0px\">\n<div class=\"wp-block-column is-vertically-aligned-top has-global-padding is-content-justification-center is-layout-constrained wp-container-core-column-is-layout-b772f419 wp-block-column-is-layout-constrained\" style=\"flex-basis:50%\">\n<figure class=\"wp-block-image size-full has-custom-border is-style-rounded om-image wp-duotone-unset-2\" style=\"margin-top:0px;margin-right:0px;margin-bottom:0px;margin-left:0px\"><img decoding=\"async\" width=\"2048\" height=\"1475\" src=\"https:\/\/kilensvagnparadis.se\/wp-content\/uploads\/2025\/01\/Om-oss-picture-3-1.webp\" alt=\"\" class=\"wp-image-3441\" style=\"border-style:none;border-width:0px;border-radius:10px;aspect-ratio:0.75;object-fit:cover\" srcset=\"https:\/\/kilensvagnparadis.se\/wp-content\/uploads\/2025\/01\/Om-oss-picture-3-1.webp 2048w, https:\/\/kilensvagnparadis.se\/wp-content\/uploads\/2025\/01\/Om-oss-picture-3-1-300x216.webp 300w, https:\/\/kilensvagnparadis.se\/wp-content\/uploads\/2025\/01\/Om-oss-picture-3-1-1024x738.webp 1024w, https:\/\/kilensvagnparadis.se\/wp-content\/uploads\/2025\/01\/Om-oss-picture-3-1-768x553.webp 768w, https:\/\/kilensvagnparadis.se\/wp-content\/uploads\/2025\/01\/Om-oss-picture-3-1-1536x1106.webp 1536w, https:\/\/kilensvagnparadis.se\/wp-content\/uploads\/2025\/01\/Om-oss-picture-3-1-18x12.webp 18w\" sizes=\"(max-width: 2048px) 100vw, 2048px\" \/><\/figure>\n<\/div>\n\n\n\n<div class=\"wp-block-column is-vertically-aligned-stretch has-global-padding is-content-justification-center is-layout-constrained wp-container-core-column-is-layout-91bde7bd wp-block-column-is-layout-constrained\" style=\"flex-basis:50%\">\n<div class=\"wp-block-group has-global-padding is-layout-constrained wp-container-core-group-is-layout-6ba32478 wp-block-group-is-layout-constrained\" style=\"border-style:none;border-width:0px;min-height:100%;padding-top:0;padding-right:0;padding-bottom:0;padding-left:0\">\n<div class=\"wp-block-group has-global-padding is-content-justification-center is-layout-constrained wp-container-core-group-is-layout-826163fc wp-block-group-is-layout-constrained\" style=\"min-height:0px;margin-top:0;margin-bottom:0;padding-top:0;padding-right:0;padding-bottom:0;padding-left:0\"><div class=\"gb-container gb-container-7f6873fe\">\n\n<h3 class=\"wp-block-heading has-text-align-left has-text-color has-prata-regular-font-family\" style=\"color:#ffffff;margin-top:0rem;margin-right:0;margin-bottom:1.4rem;font-size:clamp(1.556rem, 1.556rem + ((1vw - 0.2rem) * 1.916), 2.61rem);font-style:normal;font-weight:400;letter-spacing:0px;line-height:1.3;text-transform:capitalize\">Kilens Vagnparadis<\/h3>\n\n\n\n<p class=\"has-text-align-left keep-white has-text-color has-work-sans-regular-font-family translation-block\" style=\"color:#fefefe;margin-top:0rem;margin-right:0;margin-left:0;font-size:clamp(0.875rem, 0.875rem + ((1vw - 0.2rem) * 0.227), 1rem);font-style:normal;font-weight:400;line-height:1.5;text-transform:none\">The story of Kilen's Wagon Paradise began at the end of 2022 when Jan Persson completed a transaction that, in many ways, should be seen as a cultural contribution: the purchase of Ek's Wagon Museum.\nThe museum, founded in 1990 in V\u00e4ster\u00e5s, had been up for sale for several years. The collection consists of what remains from Sven Ek's grandfather's and father's own transport business, Ek\u2019s Hyrverk, established in 1923. The entire museum\u201492 horse-drawn wagons, sleds, as well as associated items such as costumes, equipment, photographs, and documents\u2014was included in the acquisition.\nIn 2024, yet another unique and exclusive transaction took place: the purchase of H\u00e5kan Forss' wagon collection from Drottningholm. This collection includes approximately 40 wagons, such as parade coup\u00e9s, barouches, and landaus, as well as simpler vehicles used for horse training and everyday work.\nThe purchase also included a newly manufactured travel carriage\/Britzchka based on the original used by King Charles XII. In addition to these two collections, Jan Persson has, over the years, acquired several wagons and sleds from various sources. This personal collection adds a charming and valuable dimension to the other two collections.\nKilen's Wagon Paradise is thus one of Sweden\u2019s foremost collections of wagons, sleds, harnesses, and other items tied to the carriage culture.<\/p>\n\n\n\n<div class=\"wp-block-buttons is-vertical is-content-justification-center is-layout-flex wp-container-core-buttons-is-layout-21161a69 wp-block-buttons-is-layout-flex\" style=\"margin-top:2.51rem;padding-top:0;padding-right:0;padding-bottom:0;padding-left:0\">\n<div class=\"wp-block-button has-custom-width wp-block-button__width-100 is-style-fill\"><a class=\"wp-block-button__link has-text-color has-background has-prata-regular-font-family has-custom-font-size wp-element-button\" href=\"https:\/\/kilensvagnparadis.se\/en\/contact\/\" style=\"border-style:none;border-width:0px;border-radius:3.25rem;color:#292929;background-color:#ffffff;padding-top:1.2rem;padding-right:1rem;padding-bottom:1.2rem;padding-left:1rem;box-shadow:12px 12px 50px rgba(0, 0, 0, 0.4);font-size:clamp(0.875rem, 0.875rem + ((1vw - 0.2rem) * 0.591), 1.2rem);font-style:normal;font-weight:400;line-height:1.2;text-transform:none\">Request a tour<\/a><\/div>\n<\/div>\n\n<\/div><\/div>\n<\/div>\n<\/div>\n<\/div>\n<\/section>\n\n\n\n<section class=\"wp-block-cover alignfull is-light has-parallax\" style=\"margin-top:0px;padding-bottom:0rem;min-height:920px;aspect-ratio:unset;\"><div class=\"wp-block-cover__image-background wp-image-1238 has-parallax\" style=\"background-position:44% 46%;background-image:url(https:\/\/kilensvagnparadis.se\/wp-content\/uploads\/2024\/04\/lse-library-jKnMUEj63ac-unsplash-scaled.jpg)\"><\/div><span aria-hidden=\"true\" class=\"wp-block-cover__background has-white-background-color has-background-dim-70 has-background-dim\"><\/span><div class=\"wp-block-cover__inner-container has-global-padding is-layout-constrained wp-container-core-cover-is-layout-85e38191 wp-block-cover-is-layout-constrained\">\n<div data-aos= \"fade-down\" data-aos-duration=\"400\" data-aos-delay=\"0\" data-aos-easing=\"ease\" data-aos-once=\"true\" class=\"wp-block-uagb-advanced-heading uagb-block-a409c32a\"><h2 class=\"uagb-heading-text\">We safeguard Swedish cultural heritage<\/h2><\/div>\n\n\n\n<div class=\"wp-block-group alignfull has-text-color has-global-padding is-layout-constrained wp-container-core-group-is-layout-6f61d7e7 wp-block-group-is-layout-constrained\" style=\"color:#252525;margin-top:0px;padding-top:0rem;padding-right:1rem;padding-bottom:0rem;padding-left:1rem;font-size:clamp(0.875rem, 0.875rem + ((1vw - 0.2rem) * 0.464), 1.13rem);font-style:normal;font-weight:400;line-height:1.4\">\n<div class=\"wp-block-group is-vertical is-content-justification-center is-layout-flex wp-container-core-group-is-layout-9de3488a wp-block-group-is-layout-flex\" style=\"border-style:none;border-width:0px;padding-top:0;padding-right:0;padding-bottom:0;padding-left:0\">\n<div class=\"wp-block-group has-global-padding is-layout-constrained wp-container-core-group-is-layout-a099c240 wp-block-group-is-layout-constrained\">\n<p class=\"has-text-align-center has-text-color\" style=\"color:#03081e;margin-top:0rem;font-size:clamp(0.875rem, 0.875rem + ((1vw - 0.2rem) * 0.427), 1.11rem);font-style:normal;font-weight:400;line-height:1.6\"><\/p>\n\n\n\n<div class=\"wp-block-group is-vertical is-content-justification-stretch is-layout-flex wp-container-core-group-is-layout-be82aac6 wp-block-group-is-layout-flex\" style=\"margin-top:0rem;padding-right:0px;padding-left:0px\">\n<div class=\"wp-block-group has-global-padding is-content-justification-center is-layout-constrained wp-container-core-group-is-layout-0638dde4 wp-block-group-is-layout-constrained\" style=\"margin-top:0px\">\n<div class=\"wp-block-buttons is-horizontal is-content-justification-right is-layout-flex wp-container-core-buttons-is-layout-1b0e492f wp-block-buttons-is-layout-flex\" style=\"margin-top:2.21rem\">\n<div class=\"wp-block-button has-custom-width wp-block-button__width-100 is-style-fill keep-white\"><a class=\"wp-block-button__link has-text-color has-background has-prata-regular-font-family has-custom-font-size wp-element-button\" href=\"https:\/\/kilensvagnparadis.se\/en\/contact\/\" style=\"border-style:none;border-width:0px;border-radius:2.5rem;color:#fffefe;background-color:#ad1720;padding-top:1.2rem;padding-right:2rem;padding-bottom:1.2rem;padding-left:2rem;box-shadow:12px 12px 50px rgba(0, 0, 0, 0.4);font-size:clamp(0.875rem, 0.875rem + ((1vw - 0.2rem) * 0.609), 1.21rem);font-style:normal;font-weight:400;line-height:1;text-transform:none\">Contact us<\/a><\/div>\n<\/div>\n<\/div>\n<\/div>\n<\/div>\n<\/div>\n<\/div>\n\n\n\n<div class=\"hidden-seo-text\">\n  Kilens Vagnparadis (\u00e4ven k\u00e4nd som Kilens VagnParadis och Kilens Vagn Paradis) \u00e4r en av Sveriges fr\u00e4msta samlingar av h\u00e4stvagnar och sl\u00e4dar.\n<\/div>\n<\/div><\/section>\n\n\n\n<p><\/p>","protected":false},"excerpt":{"rendered":"<p>100 + H\u00e4stvagnar &amp; Sl\u00e4dar 10 + Virtuella visningar 1 Litteratur Kilens Vagnparadis Kilens Vagnparadis Historien om Kilens Vagnparadis b\u00f6rjade under slutet av 2022 n\u00e4r Jan Persson genomf\u00f6rde en aff\u00e4r som p\u00e5 m\u00e5nga s\u00e4tt borde ses som en kulturg\u00e4rning, k\u00f6pet av Eks vagnmuseum.Ett museum som grundats 1990 i V\u00e4ster\u00e5s och som under flera \u00e5r varit [&hellip;]<\/p>","protected":false},"author":1,"featured_media":0,"parent":0,"menu_order":0,"comment_status":"closed","ping_status":"closed","template":"","meta":{"_uag_custom_page_level_css":"","advanced_seo_description":"","jetpack_seo_html_title":"","jetpack_seo_noindex":false,"footnotes":""},"class_list":["post-1343","page","type-page","status-publish","hentry"],"uagb_featured_image_src":{"full":false,"thumbnail":false,"medium":false,"medium_large":false,"large":false,"1536x1536":false,"2048x2048":false,"trp-custom-language-flag":false,"wpvr_mobile":false},"uagb_author_info":{"display_name":"Vagnshus","author_link":"https:\/\/kilensvagnparadis.se\/en\/author\/vagnshus\/"},"uagb_comment_info":0,"uagb_excerpt":"100 + H\u00e4stvagnar &amp; Sl\u00e4dar 10 + Virtuella visningar 1 Litteratur Kilens Vagnparadis Kilens Vagnparadis Historien om Kilens Vagnparadis b\u00f6rjade under slutet av 2022 n\u00e4r Jan Persson genomf\u00f6rde en aff\u00e4r som p\u00e5 m\u00e5nga s\u00e4tt borde ses som en kulturg\u00e4rning, k\u00f6pet av Eks vagnmuseum.Ett museum som grundats 1990 i V\u00e4ster\u00e5s och som under flera \u00e5r varit&hellip;","jetpack_sharing_enabled":true,"_links":{"self":[{"href":"https:\/\/kilensvagnparadis.se\/en\/wp-json\/wp\/v2\/pages\/1343","targetHints":{"allow":["GET"]}}],"collection":[{"href":"https:\/\/kilensvagnparadis.se\/en\/wp-json\/wp\/v2\/pages"}],"about":[{"href":"https:\/\/kilensvagnparadis.se\/en\/wp-json\/wp\/v2\/types\/page"}],"author":[{"embeddable":true,"href":"https:\/\/kilensvagnparadis.se\/en\/wp-json\/wp\/v2\/users\/1"}],"replies":[{"embeddable":true,"href":"https:\/\/kilensvagnparadis.se\/en\/wp-json\/wp\/v2\/comments?post=1343"}],"version-history":[{"count":0,"href":"https:\/\/kilensvagnparadis.se\/en\/wp-json\/wp\/v2\/pages\/1343\/revisions"}],"wp:attachment":[{"href":"https:\/\/kilensvagnparadis.se\/en\/wp-json\/wp\/v2\/media?parent=1343"}],"curies":[{"name":"wp","href":"https:\/\/api.w.org\/{rel}","templated":true}]}}