{"id":1345,"date":"2024-04-26T15:54:49","date_gmt":"2024-04-26T15:54:49","guid":{"rendered":"http:\/\/localhost:10007\/?page_id=1345"},"modified":"2025-01-28T12:11:44","modified_gmt":"2025-01-28T12:11:44","slug":"about","status":"publish","type":"page","link":"https:\/\/kilensvagnparadis.se\/en\/about\/","title":{"rendered":"About us"},"content":{"rendered":"<div class=\"wp-block-cover alignfull is-light\" style=\"padding-top:9%;min-height:30rem;aspect-ratio:unset;\"><span aria-hidden=\"true\" class=\"wp-block-cover__background has-black-background-color has-background-dim\"><\/span><video class=\"wp-block-cover__video-background intrinsic-ignore\" autoplay muted loop playsinline src=\"https:\/\/kilensvagnparadis.se\/wp-content\/uploads\/2025\/01\/Standard_Mode_slow_motion_and_wheels_rotatete_.mp4\" style=\"object-position:70% 41%\" data-object-fit=\"cover\" data-object-position=\"70% 41%\"><\/video><div class=\"wp-block-cover__inner-container has-global-padding is-layout-constrained wp-container-core-cover-is-layout-0dbbbeee wp-block-cover-is-layout-constrained\">\n<div class=\"wp-block-group alignwide is-vertical is-content-justification-center is-layout-flex wp-container-core-group-is-layout-5e763914 wp-block-group-is-layout-flex\" style=\"min-height:8rem\">\n<div class=\"wp-block-group has-global-padding is-layout-constrained wp-container-core-group-is-layout-bea02a06 wp-block-group-is-layout-constrained\">\n<h2 class=\"wp-block-heading has-text-align-center has-text-color has-prata-regular-font-family\" style=\"color:#ffffff;margin-top:0rem;margin-bottom:1.01rem;font-size:clamp(2.071rem, 2.071rem + ((1vw - 0.2rem) * 2.98), 3.71rem);font-style:normal;font-weight:400;line-height:1.5;text-transform:capitalize\">Kilens Vagnparadis<\/h2>\n<\/div>\n<\/div>\n<\/div><\/div>\n\n\n\n<section class=\"wp-block-group alignfull has-text-color has-background has-global-padding is-layout-constrained wp-container-core-group-is-layout-4252d6ba wp-block-group-is-layout-constrained\" style=\"border-style:none;border-width:0px;color:#03081e;background-color:#ad1721;margin-top:0px;padding-top:6.51rem;padding-right:1rem;padding-bottom:5.5rem;padding-left:1rem;font-size:clamp(0.875rem, 0.875rem + ((1vw - 0.2rem) * 0.464), 1.13rem);font-style:normal;font-weight:400;line-height:1.4\">\n<div class=\"wp-block-columns is-layout-flex wp-container-core-columns-is-layout-db2df21c wp-block-columns-is-layout-flex\" style=\"margin-bottom:0px\">\n<div class=\"wp-block-column has-global-padding is-content-justification-left is-layout-constrained wp-container-core-column-is-layout-12dd3699 wp-block-column-is-layout-constrained\" style=\"flex-basis:45%\">\n<figure class=\"wp-block-image aligncenter size-full is-resized has-custom-border is-style-rounded\"><img decoding=\"async\" width=\"768\" height=\"1024\" src=\"https:\/\/kilensvagnparadis.se\/wp-content\/uploads\/2024\/04\/WhatsApp-Image-2023-10-06-at-09.38.25_068c4b46.jpg\" alt=\"\" class=\"wp-image-1384\" style=\"border-radius:10px;width:446px\" srcset=\"https:\/\/kilensvagnparadis.se\/wp-content\/uploads\/2024\/04\/WhatsApp-Image-2023-10-06-at-09.38.25_068c4b46.jpg 768w, https:\/\/kilensvagnparadis.se\/wp-content\/uploads\/2024\/04\/WhatsApp-Image-2023-10-06-at-09.38.25_068c4b46-225x300.jpg 225w\" sizes=\"(max-width: 768px) 100vw, 768px\" \/><\/figure>\n<\/div>\n\n\n\n<div class=\"wp-block-column is-layout-flow wp-block-column-is-layout-flow\">\n<div class=\"wp-block-group is-vertical is-content-justification-center is-layout-flex wp-container-core-group-is-layout-2c7a849c wp-block-group-is-layout-flex\" style=\"min-height:100%\">\n<div class=\"wp-block-group has-global-padding is-content-justification-center is-layout-constrained wp-container-core-group-is-layout-b15c80d6 wp-block-group-is-layout-constrained\">\n<h3 class=\"wp-block-heading has-text-align-left has-text-color has-prata-regular-font-family\" style=\"color:#ffffff;margin-top:0.5rem;margin-bottom:1.01rem;font-size:clamp(1.556rem, 1.556rem + ((1vw - 0.2rem) * 1.916), 2.61rem);font-style:normal;font-weight:400;letter-spacing:0px;line-height:1.3;text-transform:none\">Our story<\/h3>\n\n\n\n<p class=\"has-text-align-left has-text-color\" style=\"color:#ffffff;margin-top:0rem;font-size:clamp(0.875rem, 0.875rem + ((1vw - 0.2rem) * 0.609), 1.21rem);font-style:normal;font-weight:400;line-height:1.6\">Kilens Vagnparadis is a place where visitors can closely observe and learn more about horse-drawn transportation from various historical periods in Swedish history. The collection consists of two major collections combined with Jan Persson's personally selected collection. In total, there are over 100 wagons and sleighs, each contributing to the story of both design and function. Through private on-site tours, virtual tours online, and a book available in both digital and printed formats, visitors can enjoy an informative and unique experience of the collection.<br>Kilens Vagnparadis \u2013 A tribute to Swedish cultural heritage for future generations.<\/p>\n\n\n\n<p class=\"has-text-align-center has-text-color\" style=\"color:#ffffff;margin-top:0rem;font-size:clamp(0.875rem, 0.875rem + ((1vw - 0.2rem) * 0.609), 1.21rem);font-style:normal;font-weight:400;line-height:1.6\"><\/p>\n\n\n\n<p class=\"has-text-align-left has-text-color\" style=\"color:#ffffff;margin-top:2rem;font-size:clamp(0.875rem, 0.875rem + ((1vw - 0.2rem) * 0.609), 1.21rem);font-style:normal;font-weight:400;line-height:1.6\"><\/p>\n<\/div>\n<\/div>\n<\/div>\n<\/div>\n<\/section>\n\n\n\n<section class=\"wp-block-cover alignfull is-light has-parallax has-prata-regular-font-family\" style=\"margin-top:0px;padding-bottom:0rem;min-height:744px;aspect-ratio:unset;\"><span aria-hidden=\"true\" class=\"wp-block-cover__background has-white-background-color has-background-dim-70 has-background-dim\"><\/span><div class=\"wp-block-cover__image-background wp-image-1385 has-parallax\" style=\"background-position:50% 50%;background-image:url(https:\/\/kilensvagnparadis.se\/wp-content\/uploads\/2024\/04\/IMG_3524-scaled.jpeg)\"><\/div><div class=\"wp-block-cover__inner-container has-global-padding is-layout-constrained wp-container-core-cover-is-layout-85e38191 wp-block-cover-is-layout-constrained\">\n<div class=\"wp-block-group alignfull has-text-color has-prata-regular-font-family has-global-padding is-layout-constrained wp-container-core-group-is-layout-6f61d7e7 wp-block-group-is-layout-constrained\" style=\"color:#252525;margin-top:0px;padding-top:0rem;padding-right:1rem;padding-bottom:0rem;padding-left:1rem;font-size:clamp(0.875rem, 0.875rem + ((1vw - 0.2rem) * 0.464), 1.13rem);font-style:normal;font-weight:400;line-height:1.4\">\n<header class=\"wp-block-uagb-advanced-heading uagb-block-411ba6a7\"><h2 class=\"uagb-heading-text\">We safeguard Swedish cultural heritage<\/h2><\/header>\n\n\n\n<div class=\"wp-block-group has-text-color has-link-color has-prata-regular-font-family wp-elements-cfb676ddae01ed540c4227e3fe99e48a is-vertical is-content-justification-center is-layout-flex wp-container-core-group-is-layout-bb333813 wp-block-group-is-layout-flex\" style=\"color:#ffffff;margin-top:0;margin-bottom:0;padding-top:0;padding-right:0;padding-bottom:0;padding-left:0\">\n<div class=\"wp-block-group has-prata-regular-font-family has-global-padding is-layout-constrained wp-container-core-group-is-layout-a65477e6 wp-block-group-is-layout-constrained\">\n<div class=\"wp-block-buttons alignwide has-prata-regular-font-family is-horizontal is-content-justification-right is-layout-flex wp-container-core-buttons-is-layout-1b0e492f wp-block-buttons-is-layout-flex\" style=\"margin-top:2.21rem\">\n<div class=\"wp-block-button has-custom-width wp-block-button__width-100 has-custom-font-size is-style-fill has-prata-regular-font-family\" style=\"font-size:clamp(14px, 0.875rem + ((1vw - 3.2px) * 0.341), 17px);line-height:1;text-transform:none\"><a class=\"wp-block-button__link has-text-color has-background wp-element-button\" href=\"https:\/\/kilensvagnparadis.se\/en\/contact\/\" style=\"border-style:none;border-width:0px;border-radius:2.5rem;color:#ffffff;background-color:#ad1721;padding-top:1rem;padding-right:2rem;padding-bottom:1rem;padding-left:2rem;box-shadow:12px 12px 50px rgba(0, 0, 0, 0.4)\">Contact us<\/a><\/div>\n<\/div>\n<\/div>\n<\/div>\n<\/div>\n<\/div><\/section>","protected":false},"excerpt":{"rendered":"<p>V\u00e5r ber\u00e4ttelse Kilens Vagnparadis \u00e4r en plats d\u00e4r bes\u00f6karen p\u00e5 n\u00e4ra h\u00e5ll kan se och l\u00e4ra sig mer om h\u00e4stdragna transporter fr\u00e5n olika tidsepoker i den svenska historien. Samlingen \u00e4r ihopsatt utav tv\u00e5 st\u00f6rre samlingar samt Jan Perssons egenutvalda samling. Sammanlagt \u00e4r det \u00f6ver 100 vagnar och sl\u00e4dar som alla hj\u00e4lper till att ber\u00e4tta historien [&hellip;]<\/p>","protected":false},"author":1,"featured_media":0,"parent":0,"menu_order":0,"comment_status":"closed","ping_status":"closed","template":"","meta":{"_uag_custom_page_level_css":"","advanced_seo_description":"","jetpack_seo_html_title":"","jetpack_seo_noindex":false,"footnotes":""},"class_list":["post-1345","page","type-page","status-publish","hentry"],"uagb_featured_image_src":{"full":false,"thumbnail":false,"medium":false,"medium_large":false,"large":false,"1536x1536":false,"2048x2048":false,"trp-custom-language-flag":false,"wpvr_mobile":false},"uagb_author_info":{"display_name":"Vagnshus","author_link":"https:\/\/kilensvagnparadis.se\/en\/author\/vagnshus\/"},"uagb_comment_info":0,"uagb_excerpt":"V\u00e5r ber\u00e4ttelse Kilens Vagnparadis \u00e4r en plats d\u00e4r bes\u00f6karen p\u00e5 n\u00e4ra h\u00e5ll kan se och l\u00e4ra sig mer om h\u00e4stdragna transporter fr\u00e5n olika tidsepoker i den svenska historien. Samlingen \u00e4r ihopsatt utav tv\u00e5 st\u00f6rre samlingar samt Jan Perssons egenutvalda samling. Sammanlagt \u00e4r det \u00f6ver 100 vagnar och sl\u00e4dar som alla hj\u00e4lper till att ber\u00e4tta historien&hellip;","jetpack_sharing_enabled":true,"_links":{"self":[{"href":"https:\/\/kilensvagnparadis.se\/en\/wp-json\/wp\/v2\/pages\/1345","targetHints":{"allow":["GET"]}}],"collection":[{"href":"https:\/\/kilensvagnparadis.se\/en\/wp-json\/wp\/v2\/pages"}],"about":[{"href":"https:\/\/kilensvagnparadis.se\/en\/wp-json\/wp\/v2\/types\/page"}],"author":[{"embeddable":true,"href":"https:\/\/kilensvagnparadis.se\/en\/wp-json\/wp\/v2\/users\/1"}],"replies":[{"embeddable":true,"href":"https:\/\/kilensvagnparadis.se\/en\/wp-json\/wp\/v2\/comments?post=1345"}],"version-history":[{"count":0,"href":"https:\/\/kilensvagnparadis.se\/en\/wp-json\/wp\/v2\/pages\/1345\/revisions"}],"wp:attachment":[{"href":"https:\/\/kilensvagnparadis.se\/en\/wp-json\/wp\/v2\/media?parent=1345"}],"curies":[{"name":"wp","href":"https:\/\/api.w.org\/{rel}","templated":true}]}}